{"id":665,"date":"2022-02-22T00:33:30","date_gmt":"2022-02-21T23:33:30","guid":{"rendered":"https:\/\/globalerinnern.org\/participate\/"},"modified":"2023-05-30T09:43:38","modified_gmt":"2023-05-30T07:43:38","slug":"participate","status":"publish","type":"page","link":"https:\/\/globalerinnern.org\/en\/participate\/","title":{"rendered":"Participate"},"content":{"rendered":"\n<p>Feel free to contact us if you are interested in contributing to the <em>Global Remember map.<\/em> Whether as a school class, local initiative, museum or as an individual.<\/p>\n\n\n\n<p class=\"has-text-align-center\"><strong>history[\u00c4T]glokal[PUNKT]org<\/strong><\/p>\n\n\n<div class=\"wp-block-image\">\n<figure class=\"alignleft size-large is-resized\"><a href=\"https:\/\/www.youtube.com\/watch?v=L-GMF1zTm7E\"><img loading=\"lazy\" decoding=\"async\" src=\"https:\/\/globalerinnern.org\/wp-content\/uploads\/2023\/05\/Titelbild_Animation-1024x535.png\" alt=\"\" class=\"wp-image-544\" width=\"161\" height=\"83\" srcset=\"https:\/\/globalerinnern.org\/wp-content\/uploads\/2023\/05\/Titelbild_Animation-1024x535.png 1024w, https:\/\/globalerinnern.org\/wp-content\/uploads\/2023\/05\/Titelbild_Animation-300x157.png 300w, https:\/\/globalerinnern.org\/wp-content\/uploads\/2023\/05\/Titelbild_Animation-768x401.png 768w, https:\/\/globalerinnern.org\/wp-content\/uploads\/2023\/05\/Titelbild_Animation.png 1275w\" sizes=\"auto, (max-width: 161px) 100vw, 161px\" \/><\/a><\/figure>\n<\/div>\n\n\n<p>In our animation video (with English Subtitles) you can get a small insight into how your participation can look like!<\/p>\n\n\n\n<p><br>And if that has sparked your interest: We have a <a href=\"https:\/\/globalerinnern.org\/wp-content\/uploads\/2023\/05\/Global_Erinnern_Publikation.pdf\">guide for you to follow<\/a> that explains in more detail how you can specifically conduct research. Until now the publication is only available in German.<\/p>\n\n\n\n<p>So far, through research, the map has been contributed by:<\/p>\n\n\n\n<p>Bremen:  <\/p>\n\n\n\n<ul class=\"wp-block-list\">\n<li>Olaf Bernau from <a href=\"https:\/\/afrique-europe-interact.net\/\">Afrique-Europe-Interact<\/a> and among others author of  <a href=\"https:\/\/www.chbeck.de\/bernau-brennpunkt-westafrika\/product\/33245328\">Focus on West Africa. The causes of flight and what Europe should do<\/a><\/li>\n<\/ul>\n\n\n\n<p>Berlin:  <\/p>\n\n\n\n<ul class=\"wp-block-list\">\n<li>Carolyn Gammon and Katharina Oguntoye from <a href=\"http:\/\/www.joliba.de\/\">Joliba e.V.<\/a><\/li>\n\n\n\n<li>Do\u011fan Akhanl\u0131 from <a href=\"https:\/\/www.glokal.org\/\">glokal e.V.<\/a> and<a href=\"http:\/\/www.recherche-international.de\/\"> recherche international e.V.<\/a><\/li>\n\n\n\n<li>Eren Y\u0131ld\u0131r\u0131m Yetkin, sociologist and author of, among others.  <a href=\"https:\/\/shop.budrich.de\/produkt\/violence-and-genocide-in-kurdish-memory\/\">Violence and Genocide in Kurdish Memory. Exploring the Remembrance of the Armenian Genocide through Life Stories<\/a><\/li>\n<\/ul>\n\n\n\n<p>Frankfurt<\/p>\n\n\n\n<ul class=\"wp-block-list\">\n<li>Eun Yi Hi and Soojin Rhyu-Han of <a href=\"https:\/\/www.punggyeong.org\/\">Punggyeong Weltkulturen e.V.<\/a><\/li>\n<\/ul>\n\n\n\n<p>Kassel<\/p>\n\n\n\n<ul class=\"wp-block-list\">\n<li>Lore Count<\/li>\n\n\n\n<li>Lillemor Kuht<\/li>\n\n\n\n<li><a href=\"http:\/\/kassel-postkolonial.de\/#\">Kassel Postcolonial<\/a><\/li>\n<\/ul>\n\n\n\n<p>Cologne<\/p>\n\n\n\n<ul class=\"wp-block-list\">\n<li>Do\u011fan Akhanl\u0131 and Albrecht Kieser from <a href=\"http:\/\/www.recherche-international.de\/\">recherche international e.V.<\/a><\/li>\n<\/ul>\n\n\n\n<p><\/p>\n","protected":false},"excerpt":{"rendered":"<p>Feel free to contact us if you are interested in contributing to the Global Remember map. Whether as a school class, local initiative, museum or as an individual. history[\u00c4T]glokal[PUNKT]org In our animation video (with English Subtitles) you can get a small insight into how your participation can look like! And if that has sparked your&hellip; <a class=\"more-link\" href=\"https:\/\/globalerinnern.org\/en\/participate\/\">Continue reading <span class=\"screen-reader-text\">Participate<\/span><\/a><\/p>\n","protected":false},"author":1,"featured_media":0,"parent":0,"menu_order":0,"comment_status":"closed","ping_status":"closed","template":"","meta":{"footnotes":""},"class_list":["post-665","page","type-page","status-publish","hentry","entry"],"_links":{"self":[{"href":"https:\/\/globalerinnern.org\/en\/wp-json\/wp\/v2\/pages\/665","targetHints":{"allow":["GET"]}}],"collection":[{"href":"https:\/\/globalerinnern.org\/en\/wp-json\/wp\/v2\/pages"}],"about":[{"href":"https:\/\/globalerinnern.org\/en\/wp-json\/wp\/v2\/types\/page"}],"author":[{"embeddable":true,"href":"https:\/\/globalerinnern.org\/en\/wp-json\/wp\/v2\/users\/1"}],"replies":[{"embeddable":true,"href":"https:\/\/globalerinnern.org\/en\/wp-json\/wp\/v2\/comments?post=665"}],"version-history":[{"count":2,"href":"https:\/\/globalerinnern.org\/en\/wp-json\/wp\/v2\/pages\/665\/revisions"}],"predecessor-version":[{"id":707,"href":"https:\/\/globalerinnern.org\/en\/wp-json\/wp\/v2\/pages\/665\/revisions\/707"}],"wp:attachment":[{"href":"https:\/\/globalerinnern.org\/en\/wp-json\/wp\/v2\/media?parent=665"}],"curies":[{"name":"wp","href":"https:\/\/api.w.org\/{rel}","templated":true}]}}