{"id":668,"date":"2021-03-24T17:33:04","date_gmt":"2021-03-24T16:33:04","guid":{"rendered":"https:\/\/globalerinnern.org\/publications\/"},"modified":"2023-05-30T10:54:36","modified_gmt":"2023-05-30T08:54:36","slug":"publications","status":"publish","type":"page","link":"https:\/\/globalerinnern.org\/en\/publications\/","title":{"rendered":"Publications"},"content":{"rendered":"\n<p>Here you can find our project publication (in German) with background information and practical tips for participating in <em>Global Erinnern<\/em>.<\/p>\n\n\n\n<figure class=\"wp-block-image size-full\"><a href=\"https:\/\/globalerinnern.org\/wp-content\/uploads\/2023\/05\/Global_Erinnern_Publikation.pdf\"><img loading=\"lazy\" decoding=\"async\" width=\"823\" height=\"631\" src=\"https:\/\/globalerinnern.org\/wp-content\/uploads\/2023\/05\/Titel_Publikation.jpg\" alt=\"\" class=\"wp-image-540\" srcset=\"https:\/\/globalerinnern.org\/wp-content\/uploads\/2023\/05\/Titel_Publikation.jpg 823w, https:\/\/globalerinnern.org\/wp-content\/uploads\/2023\/05\/Titel_Publikation-300x230.jpg 300w, https:\/\/globalerinnern.org\/wp-content\/uploads\/2023\/05\/Titel_Publikation-768x589.jpg 768w\" sizes=\"auto, (max-width: 823px) 100vw, 823px\" \/><\/a><\/figure>\n\n\n\n<p>If you want to read more about global interdependencies in history and present, we recommend the following books, interviews and articles by\/with us and our cooperation partners (mostly in German):<\/p>\n\n\n\n<ul class=\"wp-block-list\">\n<li>Do\u011fan Akhanl\u0131 (2018): <a href=\"https:\/\/faustkultur.de\/literatur-portraets\/deutschland-als-transnationaler-gedaechtnisraum\/\">Deutschland als transnationaler Ged\u00e4chtnisraum.<\/a> Ver\u00f6ffentlicht in: Verhaftung in Grandada. K\u00f6ln: Kiepenheuer &amp; Witsch.<\/li>\n\n\n\n<li>Tahir Della (2020): <a href=\"https:\/\/www.deutschlandfunkkultur.de\/kolonialgeschichte-der-lange-weg-zur-aufarbeitung.2950.de.html?dram:article_id=467272\">Kolonialgeschichte. Der lange Weg zur Aufarbeitung.<\/a> Deutschlandfunk 06.01.2020<\/li>\n\n\n\n<li>Carolin Philipp (2021): <a href=\"https:\/\/globalerinnern.org\/wp-content\/uploads\/2023\/02\/2021_Philipp_Globale_Geschichte-compressed.pdf\" target=\"_blank\" rel=\"noreferrer noopener\">Globale Geschichte(n) f\u00fcr die Zukunft<\/a>. In: Stephanie Endter, Nora Landkammer, Karin Schneider: <em><a rel=\"noreferrer noopener\" href=\"https:\/\/publikationen.zhdk.ch\/?product=das-museum-verlernen-band-2\" target=\"_blank\">Das Museum verlernen? Kolonialit\u00e4t und Vermittlung in ethnologischen Museen<\/a>.<\/em> Wien: Zaglossus. S. 225-249.<\/li>\n\n\n\n<li>Carolin Philipp (2022): <a href=\"https:\/\/www.partizipativ-erinnern.de\/fileadmin\/user_upload\/pdf\/2022_Partizipativ-Erinnern.pdf\" target=\"_blank\" rel=\"noreferrer noopener\">Globalit\u00e4t im Erinnern.<\/a> In: Stephan Bundschuh, Ansgar Dru\u0308cker, Judith Hilgers, Timo Vo\u00dfberg, Eren Y\u0131ld\u0131r\u0131m Yetkin (Hg.) (2022): partizipativ.erinnern. Praktiken &#8211; Forschung &#8211; Diskurse. Eine Bestandsaufnahme. D\u00fcsseldorf: Informations- und Dokumentationszentrum f\u00fcr Antirassismusarbeit, S. 83-87.<\/li>\n\n\n\n<li>Recherche International e.V.\/Rheinisches JournalistInnenb\u00fcro (Hg., 2005):<a href=\"http:\/\/www.3www2.de\/images\/stories\/buch\/3www2_Buch.pdf\"> \u00abUnsere Opfer z\u00e4hlen nicht\u00bb \u2013 Die Dritte Welt im Zweiten Weltkrieg.<\/a> Hamburg\/Berlin: Verlag Assoziation A.<\/li>\n\n\n\n<li>Eren Yildirim Yetkin (2022):  <a href=\"https:\/\/budrich.de\/en\/news\/interview-eren-yildirim-yetkin\/\">Violence and Genocide in Kurdish Memory. Exploring the Remembrance of the Armenian Genocide through Life Stories.<\/a>  Leverkusen: Verlag Barbara Budrich.<\/li>\n<\/ul>\n","protected":false},"excerpt":{"rendered":"<p>Here you can find our project publication (in German) with background information and practical tips for participating in Global Erinnern. If you want to read more about global interdependencies in history and present, we recommend the following books, interviews and articles by\/with us and our cooperation partners (mostly in German):<\/p>\n","protected":false},"author":1,"featured_media":0,"parent":0,"menu_order":0,"comment_status":"closed","ping_status":"closed","template":"","meta":{"footnotes":""},"class_list":["post-668","page","type-page","status-publish","hentry","entry"],"_links":{"self":[{"href":"https:\/\/globalerinnern.org\/en\/wp-json\/wp\/v2\/pages\/668","targetHints":{"allow":["GET"]}}],"collection":[{"href":"https:\/\/globalerinnern.org\/en\/wp-json\/wp\/v2\/pages"}],"about":[{"href":"https:\/\/globalerinnern.org\/en\/wp-json\/wp\/v2\/types\/page"}],"author":[{"embeddable":true,"href":"https:\/\/globalerinnern.org\/en\/wp-json\/wp\/v2\/users\/1"}],"replies":[{"embeddable":true,"href":"https:\/\/globalerinnern.org\/en\/wp-json\/wp\/v2\/comments?post=668"}],"version-history":[{"count":2,"href":"https:\/\/globalerinnern.org\/en\/wp-json\/wp\/v2\/pages\/668\/revisions"}],"predecessor-version":[{"id":722,"href":"https:\/\/globalerinnern.org\/en\/wp-json\/wp\/v2\/pages\/668\/revisions\/722"}],"wp:attachment":[{"href":"https:\/\/globalerinnern.org\/en\/wp-json\/wp\/v2\/media?parent=668"}],"curies":[{"name":"wp","href":"https:\/\/api.w.org\/{rel}","templated":true}]}}