{"id":675,"date":"2021-03-24T17:32:59","date_gmt":"2021-03-24T16:32:59","guid":{"rendered":"https:\/\/globalerinnern.org\/about-the-project\/"},"modified":"2023-05-30T09:41:34","modified_gmt":"2023-05-30T07:41:34","slug":"about-the-project","status":"publish","type":"page","link":"https:\/\/globalerinnern.org\/en\/about-the-project\/","title":{"rendered":"About the project"},"content":{"rendered":"\n<div class=\"wp-block-columns is-layout-flex wp-container-core-columns-is-layout-9d6595d7 wp-block-columns-is-layout-flex\">\n<div class=\"wp-block-column is-layout-flow wp-block-column-is-layout-flow\" style=\"flex-basis:100%\">\n<p><strong>Global Erinnern is a project realized within the development education work of <a href=\"https:\/\/www.glokal.org\">glokal e.V.<\/a>  in cooperation with the Initiative of Black People in Germany <a href=\"https:\/\/isdonline.de\/\">ISD-Bund<\/a> e.V. and <a href=\"http:\/\/www.recherche-international.de\/\">recherche international e<\/a>.V. In addition, the project is supported by Tahir Della, <a href=\"https:\/\/www.einewelt-promotorinnen.de\/promotorinnen\/tahir-della\/\">One World promoter for diasporic perspectives in development education in Berlin<\/a>.<\/strong> <strong>The initial spark for the project came from our colleague Do\u011fan Akhanl\u0131, who passed away in 2021. Do\u011fan campaigned as a writer and activist for the enforcement of human rights and the creation of a <a href=\"https:\/\/www.jungewelt.de\/artikel\/379319.kunst-und-repression-die-solidarit%C3%A4t-war-wie-ein-st%C3%BCck-poesie.html\">transnational memory space<\/a>.<\/strong><\/p>\n<\/div>\n<\/div>\n\n\n\n<div class=\"wp-block-columns is-layout-flex wp-container-core-columns-is-layout-9d6595d7 wp-block-columns-is-layout-flex\">\n<div class=\"wp-block-column is-layout-flow wp-block-column-is-layout-flow\" style=\"flex-basis:100%\">\n<p>History, as it is written, told, remembered, taught, usually stops at national borders. But the history of the German state and the people who inhabit it is much more than that. Germany, on the one hand, has striven for influence far beyond its national borders: For the exploitation of gold, silver and labor on other continents, for colonies, living space and ever new markets for German products. On the other hand, a large part of the residents bring global stories with them: They have international family connections, immigration experiences or stories of flight. They have friends in different corners of the globe or have been active there. Many of these global stories are interwoven with places, events, people, institutions or companies in Germany.<\/p>\n<\/div>\n<\/div>\n\n\n\n<p>Such a globally interconnected history and present is hardly considered when it comes to history, memory and current globally relevant issues in Germany. That is why we would like to record an archive of such historical and present connections between Global South, North, East and West on the Global Remembering Map and together with different people and in many directions keep on researching and filling the map. Our goal is to contribute to a multidirectional, global memory (Rothberg 2021 [2009]) from a decolonial perspective, creating new, inclusive perspectives on our lives today. In this process, stories of domination, oppression, trauma and resistance do not compete with each other, but meet in solidarity and empathy.<\/p>\n\n\n\n<div class=\"wp-block-columns is-layout-flex wp-container-core-columns-is-layout-9d6595d7 wp-block-columns-is-layout-flex\">\n<div class=\"wp-block-column is-layout-flow wp-block-column-is-layout-flow\" style=\"flex-basis:100%\">\n<p>  The project is aimed at pupils, adults, educators, museum staff and the general public. Because examples of global connections and stories, e.g. of oppression and resistance, can be found in many places! Only, these story(s) are often not written down, their global connections are not remembered, and they have to be &#8220;dug up.&#8221;<\/p>\n<\/div>\n<\/div>\n\n\n\n<div class=\"wp-block-columns is-layout-flex wp-container-core-columns-is-layout-9d6595d7 wp-block-columns-is-layout-flex\">\n<div class=\"wp-block-column is-layout-flow wp-block-column-is-layout-flow\" style=\"flex-basis:100%\">\n<p>The main measure of the project in 2020-2022 was the development of digital maps in Berlin, Bremen, Frankfurt, Kassel and Cologne in cooperation with local groups and researchers. These maps show local-global connections in five cities so far through thematic tours, events and biographies, promoting the perception of international connectedness through shared global history. Components of the project are educational measures and the further development and translation of existing global history materials such as the eLearning tool  <a href=\"http:\/\/www.connecting-the-dots.org\/\">connecting the dots. History(s) of oppression and resistance<\/a>. The first project run lasted from May 2020 to the end of December 2022. In the second project run from 2023 to 2024, we would like to expand the map to new cities and carry out even more educational work on this basis.<\/p>\n<\/div>\n<\/div>\n\n\n\n<div class=\"wp-block-columns is-layout-flex wp-container-core-columns-is-layout-9d6595d7 wp-block-columns-is-layout-flex\">\n<div class=\"wp-block-column is-layout-flow wp-block-column-is-layout-flow\" style=\"flex-basis:100%\"><\/div>\n<\/div>\n\n\n\n<div class=\"wp-block-columns is-layout-flex wp-container-core-columns-is-layout-9d6595d7 wp-block-columns-is-layout-flex\">\n<div class=\"wp-block-column is-layout-flow wp-block-column-is-layout-flow\" style=\"flex-basis:100%\">\n<p>We would like to thank the <a href=\"https:\/\/stinpriza.org\/\">technical collective StinPriza<\/a> in Athens\/Greece for programming the website, the artist <a href=\"https:\/\/www.facebook.com\/f.MINDJA\/\">Franky Mindja<\/a> in Yaund\u00e9\/Cameroon for creating the illustrations, animation video and comics, and Lore Graf in Kassel\/Germany for research, editing and endless detail work.<\/p>\n<\/div>\n<\/div>\n\n\n\n<div class=\"wp-block-columns is-layout-flex wp-container-core-columns-is-layout-9d6595d7 wp-block-columns-is-layout-flex\">\n<div class=\"wp-block-column is-layout-flow wp-block-column-is-layout-flow\" style=\"flex-basis:100%\">\n<p>The project is sponsored by Engagement Global with financial support from the BMZ, as well as from budgetary funds of the State of Berlin &#8211; Landesstelle f\u00fcr Entwicklungszusammenarbeit and Brot f\u00fcr die Welt and supported by the <a href=\"https:\/\/www.einewelt-promotorinnen.de\/promotorinnen\/tahir-della\/\">One World Promoter Tahir Della<\/a>.<\/p>\n<\/div>\n<\/div>\n\n\n\n<p><\/p>\n\n\n\n<figure class=\"wp-block-gallery has-nested-images columns-0 is-cropped banner-section wp-block-gallery-1 is-layout-flex wp-block-gallery-is-layout-flex\">\n<figure class=\"wp-block-image size-large\"><img loading=\"lazy\" decoding=\"async\" width=\"307\" height=\"109\" data-id=\"143\" src=\"https:\/\/globalerinnern.org\/wp-content\/uploads\/2021\/11\/bmz1.png\" alt=\"\" class=\"wp-image-143\" srcset=\"https:\/\/globalerinnern.org\/wp-content\/uploads\/2021\/11\/bmz1.png 307w, https:\/\/globalerinnern.org\/wp-content\/uploads\/2021\/11\/bmz1-300x107.png 300w\" sizes=\"auto, (max-width: 307px) 100vw, 307px\" \/><\/figure>\n\n\n\n<figure class=\"wp-block-image size-large\"><img loading=\"lazy\" decoding=\"async\" width=\"300\" height=\"109\" data-id=\"172\" src=\"https:\/\/globalerinnern.org\/wp-content\/uploads\/2021\/11\/berlin.png\" alt=\"\" class=\"wp-image-172\"\/><\/figure>\n\n\n\n<figure class=\"wp-block-image size-large\"><img loading=\"lazy\" decoding=\"async\" width=\"300\" height=\"109\" data-id=\"170\" src=\"https:\/\/globalerinnern.org\/wp-content\/uploads\/2021\/11\/brot.png\" alt=\"\" class=\"wp-image-170\"\/><\/figure>\n\n\n\n<figure class=\"wp-block-image size-large\"><img loading=\"lazy\" decoding=\"async\" width=\"300\" height=\"109\" data-id=\"173\" src=\"https:\/\/globalerinnern.org\/wp-content\/uploads\/2021\/11\/logo_berlin-entwickeln.png\" alt=\"\" class=\"wp-image-173\"\/><\/figure>\n<\/figure>\n","protected":false},"excerpt":{"rendered":"<p>Global Erinnern is a project realized within the development education work of glokal e.V. in cooperation with the Initiative of Black People in Germany ISD-Bund e.V. and recherche international e.V. In addition, the project is supported by Tahir Della, One World promoter for diasporic perspectives in development education in Berlin. The initial spark for the&hellip; <a class=\"more-link\" href=\"https:\/\/globalerinnern.org\/en\/about-the-project\/\">Continue reading <span class=\"screen-reader-text\">About the project<\/span><\/a><\/p>\n","protected":false},"author":1,"featured_media":0,"parent":0,"menu_order":0,"comment_status":"closed","ping_status":"closed","template":"","meta":{"footnotes":""},"class_list":["post-675","page","type-page","status-publish","hentry","entry"],"_links":{"self":[{"href":"https:\/\/globalerinnern.org\/en\/wp-json\/wp\/v2\/pages\/675","targetHints":{"allow":["GET"]}}],"collection":[{"href":"https:\/\/globalerinnern.org\/en\/wp-json\/wp\/v2\/pages"}],"about":[{"href":"https:\/\/globalerinnern.org\/en\/wp-json\/wp\/v2\/types\/page"}],"author":[{"embeddable":true,"href":"https:\/\/globalerinnern.org\/en\/wp-json\/wp\/v2\/users\/1"}],"replies":[{"embeddable":true,"href":"https:\/\/globalerinnern.org\/en\/wp-json\/wp\/v2\/comments?post=675"}],"version-history":[{"count":2,"href":"https:\/\/globalerinnern.org\/en\/wp-json\/wp\/v2\/pages\/675\/revisions"}],"predecessor-version":[{"id":705,"href":"https:\/\/globalerinnern.org\/en\/wp-json\/wp\/v2\/pages\/675\/revisions\/705"}],"wp:attachment":[{"href":"https:\/\/globalerinnern.org\/en\/wp-json\/wp\/v2\/media?parent=675"}],"curies":[{"name":"wp","href":"https:\/\/api.w.org\/{rel}","templated":true}]}}